{"id":5129,"date":"2019-05-03T09:48:03","date_gmt":"2019-05-03T09:48:03","guid":{"rendered":"http:\/\/emser.es\/?page_id=5129"},"modified":"2023-03-24T10:41:24","modified_gmt":"2023-03-24T10:41:24","slug":"rsc","status":"publish","type":"page","link":"https:\/\/emser.es\/en\/rsc\/","title":{"rendered":"CSR"},"content":{"rendered":"<div id=\"av-layout-grid-1\" class=\"av-layout-grid-container entry-content-wrapper main_color av-flex-cells    container_wrap fullsize\">\n<div class=\"flex_cell no_margin av_one_full\" style=\"vertical-align:top; padding:50 30 30 30 ; \"><div class=\"flex_cell_inner\"><p><\/p><div style=\"padding-bottom:50px;color:#7bb0e7;font-size:50px;\" class=\"av-special-heading av-special-heading-h1 custom-color-heading blockquote modern-quote modern-centered   av-thin-font av-inherit-size\"><h1 class=\"av-special-heading-tag\" itemprop=\"headline\"><strong>We have the SILVER ECOVADIS classification<\/strong><\/h1><div class=\"special-heading-border\"><div class=\"special-heading-inner-border\" style=\"border-color:#7bb0e7\"><\/div><\/div><\/div><br>\n<div class=\"flex_column av_one_fourth  flex_column_div av-zero-column-padding first\" style=\"border-radius:0px; \"><div class=\"avia-image-container  av-styling-circle    avia-align-center\" itemscope=\"itemscope\" itemtype=\"https:\/\/schema.org\/ImageObject\"><div class=\"avia-image-container-inner\"><noscript><img class=\"avia_image\" src=\"https:\/\/emser.es\/wp-content\/uploads\/2019\/05\/EcovadisCsrRating.jpg\" alt title=\"EcovadisCsrRating\" itemprop=\"thumbnailUrl\"><\/noscript><img class=\"avia_image  lazyload\" src=\"data:image\/gif;base64,R0lGODlhAQABAIAAAAAAAP\/\/\/yH5BAEAAAAALAAAAAABAAEAAAIBRAA7\" alt title=\"EcovadisCsrRating\" itemprop=\"thumbnailUrl\" data-src=\"https:\/\/emser.es\/wp-content\/uploads\/2019\/05\/EcovadisCsrRating.jpg\"><\/div><\/div><\/div><div class=\"flex_column av_three_fourth  flex_column_div av-zero-column-padding\" style=\"border-radius:0px; \"><section class=\"av_textblock_section\" itemscope=\"itemscope\" itemtype=\"https:\/\/schema.org\/CreativeWork\"><div class=\"avia_textblock\" style=\"font-size:16px; \" itemprop=\"text\"><p style=\"text-align: center;\">In 2018 we proceeded to receive our classification through the company ECOVADIS, which assesses compliance with CSR through a detailed analysis of our policies, actions and results.<\/p>\n<p style=\"text-align: center;\">This classification is re-evaluated annually, this way it confirms the commitment of our company to continue advancing in this aspect that we consider fundamental within our corporate vision.<\/p>\n<\/div><\/section><\/div>\n<\/div><\/div>\n<\/div>\n<!-- close content main div --><div id=\"av-layout-grid-2\" class=\"av-layout-grid-container entry-content-wrapper main_color av-flex-cells    container_wrap fullsize\">\n<div class=\"flex_cell no_margin av_one_full\" style=\"vertical-align:top; padding:30px; \"><div class=\"flex_cell_inner\"><p><\/p><div style=\"padding-bottom:30px;color:#7bb0e7;font-size:40px;\" class=\"av-special-heading av-special-heading-h1 custom-color-heading blockquote modern-quote modern-centered   av-thin-font av-inherit-size\"><h1 class=\"av-special-heading-tag\" itemprop=\"headline\"><strong>What is ECOVADIS and what is its methodology<\/strong><\/h1><div class=\"special-heading-border\"><div class=\"special-heading-inner-border\" style=\"border-color:#7bb0e7\"><\/div><\/div><\/div><br>\n<div class=\"flex_column av_one_full  flex_column_div av-zero-column-padding first\" style=\"border-radius:0px; \"><section class=\"av_textblock_section\" itemscope=\"itemscope\" itemtype=\"https:\/\/schema.org\/CreativeWork\"><div class=\"avia_textblock\" style=\"font-size:16px; \" itemprop=\"text\"><p style=\"text-align: center;\">El objetivo de la metodolog\u00eda de EcoVadis es medir la calidad del sistema de gesti\u00f3n de la RSE (responsabilidad social&nbsp;empresarial) de una empresa a trav\u00e9s de sus pol\u00edticas, acciones y resultados.<\/p>\n<p>The evaluation focuses on 21 CSR criteria grouped into four themes: Environment, Labor Practices and Human Rights, Ethics and Sustainable Purchases. These criteria are based on international CSR standards such as the Ten Principles of the UN Global Compact, the conventions of the International Labor Organization (ILO), the standards of the Global Reporting Initiative (GRI), ISO 26000 , the CERES roadmap and the UN Guiding Principles on Business and Human Rights, also known as the Ruggie Framework.<\/p>\n<p style=\"text-align: center;\">During the evaluation of your company, our CSR analysts only consider the criteria relevant to the size, sector and location of your company. They will take into account the information provided in your company's questionnaire and the supporting documents attached.<\/p>\n<\/div><\/section><br>\n<div class=\"avia-button-wrap avia-button-center\"><a href=\"https:\/\/emser.es\/files\/EcoVadis_CSR.pdf\" class=\"avia-button   avia-icon_select-no avia-color-custom avia-size-large avia-position-center\" target=\"_blank\" style=\"background-color:#6786a1; border-color:#6786a1; color:#ffffff; \"><span class=\"avia_iconbox_title\">More Information<\/span><\/a><\/div><\/div>\n<\/div><\/div><\/div>","protected":false},"excerpt":{"rendered":"","protected":false},"author":1,"featured_media":0,"parent":0,"menu_order":0,"comment_status":"closed","ping_status":"closed","template":"","meta":[],"_links":{"self":[{"href":"https:\/\/emser.es\/en\/wp-json\/wp\/v2\/pages\/5129"}],"collection":[{"href":"https:\/\/emser.es\/en\/wp-json\/wp\/v2\/pages"}],"about":[{"href":"https:\/\/emser.es\/en\/wp-json\/wp\/v2\/types\/page"}],"author":[{"embeddable":true,"href":"https:\/\/emser.es\/en\/wp-json\/wp\/v2\/users\/1"}],"replies":[{"embeddable":true,"href":"https:\/\/emser.es\/en\/wp-json\/wp\/v2\/comments?post=5129"}],"version-history":[{"count":12,"href":"https:\/\/emser.es\/en\/wp-json\/wp\/v2\/pages\/5129\/revisions"}],"predecessor-version":[{"id":6366,"href":"https:\/\/emser.es\/en\/wp-json\/wp\/v2\/pages\/5129\/revisions\/6366"}],"wp:attachment":[{"href":"https:\/\/emser.es\/en\/wp-json\/wp\/v2\/media?parent=5129"}],"curies":[{"name":"wp","href":"https:\/\/api.w.org\/{rel}","templated":true}]}}